{"id":118871,"date":"2023-08-28T18:50:27","date_gmt":"2023-08-28T18:50:27","guid":{"rendered":"https:\/\/learn.playinteractive.mx\/?page_id=118871"},"modified":"2023-08-28T21:59:17","modified_gmt":"2023-08-28T21:59:17","slug":"home-learning-center-2","status":"publish","type":"page","link":"https:\/\/learn.playinteractive.mx\/es\/","title":{"rendered":"Home Learning Center"},"content":{"rendered":"<div class=\"wpb-content-wrapper\"><p>[vc_row unlock_row_content=\u00bbyes\u00bb row_height_percent=\u00bb0&#8243; override_padding=\u00bbyes\u00bb h_padding=\u00bb0&#8243; top_padding=\u00bb5&#8243; bottom_padding=\u00bb5&#8243; back_color=\u00bbcolor-lxmt\u00bb overlay_alpha=\u00bb50&#8243; equal_height=\u00bbyes\u00bb gutter_size=\u00bb4&#8243; column_width_percent=\u00bb100&#8243; shift_y=\u00bb0&#8243; z_index=\u00bb0&#8243; inverted_device_order=\u00bbyes\u00bb uncode_shortcode_id=\u00bb193771&#8243; back_color_type=\u00bbuncode-palette\u00bb][vc_column column_width_use_pixel=\u00bbyes\u00bb position_horizontal=\u00bbright\u00bb position_vertical=\u00bbmiddle\u00bb gutter_size=\u00bb2&#8243; override_padding=\u00bbyes\u00bb column_padding=\u00bb3&#8243; font_family=\u00bbfont-339240&#8243; overlay_alpha=\u00bb50&#8243; shift_x=\u00bb0&#8243; shift_y=\u00bb0&#8243; shift_y_down=\u00bb0&#8243; z_index=\u00bb2&#8243; medium_width=\u00bb0&#8243; mobile_width=\u00bb0&#8243; width=\u00bb1\/2&#8243; column_width_pixel=\u00bb452&#8243; uncode_shortcode_id=\u00bb356015&#8243;][vc_custom_heading text_color=\u00bbcolor-wvjs\u00bb heading_semantic=\u00bbh5&#8243; text_font=\u00bbfont-176785&#8243; text_size=\u00bbfontsize-160000&#8243; text_transform=\u00bbuppercase\u00bb uncode_shortcode_id=\u00bb155104&#8243; text_color_type=\u00bbuncode-palette\u00bb]Play.Interactive\u00ae[\/vc_custom_heading][vc_custom_heading text_font=\u00bbfont-176785&#8243; text_size=\u00bbfontsize-155944&#8243; uncode_shortcode_id=\u00bb365873&#8243;]Bienvenido al Learning Center[\/vc_custom_heading][vc_column_text uncode_shortcode_id=\u00bb840947&#8243;]\u00bfEst\u00e1s buscando mejorar la presencia digital de tu marca? Creamos nuestro Learning Center para compartir conocimiento y consejos de expertos para ayudar a tu empresa a alcanzar el nivel m\u00e1s alto.[\/vc_column_text][vc_column_text uncode_shortcode_id=\u00bb507795&#8243;]\u00danete recibir nuestro Newsletter mensual.[\/vc_column_text][vc_button button_color=\u00bbaccent\u00bb radius=\u00bbbtn-square\u00bb wide=\u00bbyes\u00bb custom_typo=\u00bbyes\u00bb font_family=\u00bbfont-176785&#8243; font_weight=\u00bb600&#8243; border_width=\u00bb0&#8243; scale_mobile=\u00bbno\u00bb link=\u00bburl:%23|||\u00bb button_color_type=\u00bbuncode-palette\u00bb uncode_shortcode_id=\u00bb206295&#8243;]S\u00ed, quiero ser parte. \u00a1Inscribirme![\/vc_button][\/vc_column][vc_column column_width_percent=\u00bb100&#8243; gutter_size=\u00bb3&#8243; overlay_alpha=\u00bb50&#8243; shift_x=\u00bb0&#8243; shift_y=\u00bb0&#8243; shift_y_down=\u00bb0&#8243; z_index=\u00bb0&#8243; medium_width=\u00bb0&#8243; mobile_width=\u00bb0&#8243; width=\u00bb1\/2&#8243;][vc_single_image media=\u00bb118125&#8243; media_width_percent=\u00bb100&#8243; media_ratio=\u00bbthree-two\u00bb shape=\u00bbimg-round\u00bb shadow=\u00bbyes\u00bb shadow_weight=\u00bbstd\u00bb uncode_shortcode_id=\u00bb193478&#8243;][\/vc_column][\/vc_row][vc_row unlock_row_content=\u00bbyes\u00bb row_height_percent=\u00bb0&#8243; override_padding=\u00bbyes\u00bb h_padding=\u00bb0&#8243; top_padding=\u00bb5&#8243; bottom_padding=\u00bb5&#8243; back_color=\u00bbcolor-lxmt\u00bb overlay_alpha=\u00bb50&#8243; equal_height=\u00bbyes\u00bb gutter_size=\u00bb4&#8243; column_width_percent=\u00bb100&#8243; shift_y=\u00bb0&#8243; z_index=\u00bb0&#8243; inverted_device_order=\u00bbyes\u00bb uncode_shortcode_id=\u00bb193771&#8243; back_color_type=\u00bbuncode-palette\u00bb][vc_column column_width_use_pixel=\u00bbyes\u00bb position_horizontal=\u00bbright\u00bb position_vertical=\u00bbmiddle\u00bb gutter_size=\u00bb2&#8243; override_padding=\u00bbyes\u00bb column_padding=\u00bb3&#8243; font_family=\u00bbfont-339240&#8243; overlay_alpha=\u00bb50&#8243; shift_x=\u00bb0&#8243; shift_y=\u00bb0&#8243; shift_y_down=\u00bb0&#8243; z_index=\u00bb2&#8243; medium_width=\u00bb0&#8243; mobile_width=\u00bb0&#8243; width=\u00bb1\/2&#8243; column_width_pixel=\u00bb452&#8243; uncode_shortcode_id=\u00bb356015&#8243;][vc_custom_heading text_color=\u00bbcolor-wvjs\u00bb heading_semantic=\u00bbh5&#8243; text_font=\u00bbfont-176785&#8243; text_size=\u00bbfontsize-160000&#8243; text_transform=\u00bbuppercase\u00bb uncode_shortcode_id=\u00bb111431&#8243; text_color_type=\u00bbuncode-palette\u00bb]Insights[\/vc_custom_heading][vc_custom_heading text_font=\u00bbfont-176785&#8243; text_size=\u00bbfontsize-155944&#8243; uncode_shortcode_id=\u00bb211552&#8243;]\u00bfEres curioso? Nosotros tambi\u00e9n[\/vc_custom_heading][vc_column_text uncode_shortcode_id=\u00bb161881&#8243;]Descubre las estrategias m\u00e1s efectivas y las \u00faltimas tendencias en marketing digital para impulsar tu negocio online, consejos, herramientas y casos de \u00e9xito en un solo lugar.[\/vc_column_text][vc_column_text uncode_shortcode_id=\u00bb400809&#8243;][\/vc_column_text][vc_button button_color=\u00bbaccent\u00bb radius=\u00bbbtn-square\u00bb wide=\u00bbyes\u00bb custom_typo=\u00bbyes\u00bb font_family=\u00bbfont-176785&#8243; font_weight=\u00bb600&#8243; border_width=\u00bb0&#8243; scale_mobile=\u00bbno\u00bb link=\u00bburl:%23|||\u00bb button_color_type=\u00bbuncode-palette\u00bb uncode_shortcode_id=\u00bb890083&#8243;]Ir a Insights[\/vc_button][\/vc_column][vc_column column_width_percent=\u00bb100&#8243; gutter_size=\u00bb3&#8243; overlay_alpha=\u00bb50&#8243; shift_x=\u00bb0&#8243; shift_y=\u00bb0&#8243; shift_y_down=\u00bb0&#8243; z_index=\u00bb0&#8243; medium_width=\u00bb0&#8243; mobile_width=\u00bb0&#8243; width=\u00bb1\/2&#8243;][vc_single_image media=\u00bb118129&#8243; media_width_percent=\u00bb100&#8243; media_ratio=\u00bbthree-two\u00bb shape=\u00bbimg-round\u00bb shadow=\u00bbyes\u00bb shadow_weight=\u00bbstd\u00bb uncode_shortcode_id=\u00bb210466&#8243;][\/vc_column][\/vc_row][vc_row unlock_row_content=\u00bbyes\u00bb row_height_percent=\u00bb0&#8243; override_padding=\u00bbyes\u00bb h_padding=\u00bb0&#8243; top_padding=\u00bb5&#8243; bottom_padding=\u00bb5&#8243; back_color=\u00bbcolor-lxmt\u00bb overlay_alpha=\u00bb50&#8243; equal_height=\u00bbyes\u00bb gutter_size=\u00bb4&#8243; column_width_percent=\u00bb100&#8243; shift_y=\u00bb0&#8243; z_index=\u00bb0&#8243; inverted_device_order=\u00bbyes\u00bb uncode_shortcode_id=\u00bb193771&#8243; back_color_type=\u00bbuncode-palette\u00bb][vc_column column_width_use_pixel=\u00bbyes\u00bb position_horizontal=\u00bbright\u00bb position_vertical=\u00bbmiddle\u00bb gutter_size=\u00bb2&#8243; override_padding=\u00bbyes\u00bb column_padding=\u00bb3&#8243; font_family=\u00bbfont-339240&#8243; overlay_alpha=\u00bb50&#8243; shift_x=\u00bb0&#8243; shift_y=\u00bb0&#8243; shift_y_down=\u00bb0&#8243; z_index=\u00bb2&#8243; medium_width=\u00bb0&#8243; mobile_width=\u00bb0&#8243; width=\u00bb1\/2&#8243; column_width_pixel=\u00bb452&#8243; uncode_shortcode_id=\u00bb356015&#8243;][vc_custom_heading text_color=\u00bbcolor-wvjs\u00bb heading_semantic=\u00bbh5&#8243; text_font=\u00bbfont-176785&#8243; text_size=\u00bbfontsize-160000&#8243; text_transform=\u00bbuppercase\u00bb uncode_shortcode_id=\u00bb103637&#8243; text_color_type=\u00bbuncode-palette\u00bb]eBookshelf[\/vc_custom_heading][vc_custom_heading text_font=\u00bbfont-176785&#8243; text_size=\u00bbfontsize-155944&#8243; uncode_shortcode_id=\u00bb841343&#8243;]Obt\u00e9n consejos de expertos[\/vc_custom_heading][vc_column_text uncode_shortcode_id=\u00bb201627&#8243;]Encuentra las mejores gu\u00edas de desarrollo digital en la secci\u00f3n eBookshelf, desbloquea nuevas habilidades para crear estrategias innovadoras y lleva tu empresa al siguiente nivel.[\/vc_column_text][vc_column_text uncode_shortcode_id=\u00bb400809&#8243;][\/vc_column_text][vc_button button_color=\u00bbaccent\u00bb radius=\u00bbbtn-square\u00bb wide=\u00bbyes\u00bb custom_typo=\u00bbyes\u00bb font_family=\u00bbfont-176785&#8243; font_weight=\u00bb600&#8243; border_width=\u00bb0&#8243; scale_mobile=\u00bbno\u00bb link=\u00bburl:%23|||\u00bb button_color_type=\u00bbuncode-palette\u00bb uncode_shortcode_id=\u00bb184951&#8243;]\u00a1S\u00ed, quiero empezar ahora![\/vc_button][\/vc_column][vc_column column_width_percent=\u00bb100&#8243; gutter_size=\u00bb3&#8243; overlay_alpha=\u00bb50&#8243; shift_x=\u00bb0&#8243; shift_y=\u00bb0&#8243; shift_y_down=\u00bb0&#8243; z_index=\u00bb0&#8243; medium_width=\u00bb0&#8243; mobile_width=\u00bb0&#8243; width=\u00bb1\/2&#8243;][vc_single_image media=\u00bb118131&#8243; media_width_percent=\u00bb100&#8243; media_ratio=\u00bbthree-two\u00bb shape=\u00bbimg-round\u00bb shadow=\u00bbyes\u00bb shadow_weight=\u00bbstd\u00bb uncode_shortcode_id=\u00bb932939&#8243;][\/vc_column][\/vc_row][vc_row unlock_row_content=\u00bbyes\u00bb row_height_percent=\u00bb100&#8243; override_padding=\u00bbyes\u00bb h_padding=\u00bb0&#8243; top_padding=\u00bb0&#8243; bottom_padding=\u00bb0&#8243; overlay_alpha=\u00bb50&#8243; gutter_size=\u00bb3&#8243; column_width_percent=\u00bb100&#8243; shift_y=\u00bb0&#8243; z_index=\u00bb0&#8243;][vc_column column_width_percent=\u00bb100&#8243; align_horizontal=\u00bbalign_center\u00bb gutter_size=\u00bb3&#8243; style=\u00bbdark\u00bb font_family=\u00bbfont-339240&#8243; overlay_alpha=\u00bb50&#8243; shift_x=\u00bb0&#8243; shift_y=\u00bb0&#8243; shift_y_down=\u00bb0&#8243; z_index=\u00bb0&#8243; medium_width=\u00bb0&#8243; mobile_width=\u00bb0&#8243; width=\u00bb1\/1&#8243; uncode_shortcode_id=\u00bb419329&#8243;][uncode_index el_id=\u00bbindex-118106&#8243; loop=\u00bbsize:1|order_by:date|post_type:post|tags:101|taxonomy_count:10&#8243; style_preset=\u00bbmetro\u00bb single_height_viewport=\u00bbyes\u00bb screen_lg=\u00bb100&#8243; screen_md=\u00bb100&#8243; screen_sm=\u00bb100&#8243; gutter_size=\u00bb0&#8243; post_items=\u00bbmedia|featured|onpost|original,title,spacer|one,link|circle|default_size|scale_mobile|Test tu website\u00bb portfolio_items=\u00bbmedia|featured|onpost|original,category,title,sep-one|full,text|excerpt|120&#8243; single_text=\u00bboverlay\u00bb single_width=\u00bb12&#8243; single_fluid_height=\u00bb100&#8243; single_overlay_color=\u00bbcolor-nhtu\u00bb single_overlay_opacity=\u00bb50&#8243; single_overlay_visible=\u00bbyes\u00bb single_overlay_anim=\u00bbno\u00bb single_text_visible=\u00bbyes\u00bb single_text_anim=\u00bbno\u00bb single_image_anim=\u00bbno\u00bb single_h_align=\u00bbcenter\u00bb single_reduced=\u00bblimit-width\u00bb single_padding=\u00bb3&#8243; single_title_dimension=\u00bbfontsize-338686&#8243; single_text_lead=\u00bbyes\u00bb single_border=\u00bbyes\u00bb no_double_tap=\u00bbyes\u00bb el_class=\u00bbadd-kburns\u00bb uncode_shortcode_id=\u00bb992766&#8243; items=\u00bbeyIxMTc3NTdfaSI6eyJzaW5nbGVfbGF5b3V0X3Bvc3RfaXRlbXMiOiJtZWRpYXxmZWF0dXJlZHxvbnBvc3R8b3JpZ2luYWwsdGl0bGUsc3BhY2VyfG9uZSxsaW5rfGNpcmNsZXxkZWZhdWx0X3NpemUsbWVkaWF8ZmVhdHVyZWR8b25wb3N0fG9yaWdpbmFsLHRpdGxlLHNwYWNlcnxvbmUsbGlua3xjaXJjbGV8ZGVmYXVsdF9zaXplIiwicmVhZF9tb3JlX3RleHQiOiJUYWtlIHRoZSB0ZXN0In0sIjExODg5NV9pIjp7InJlYWRfbW9yZV90ZXh0IjoiVmlzaXRhciBzaXRpbyIsInNpbmdsZV9sYXlvdXRfcG9zdF9pdGVtcyI6Im1lZGlhfGZlYXR1cmVkfG9ucG9zdHxvcmlnaW5hbCx0aXRsZSxzcGFjZXJ8b25lLGxpbmt8Y2lyY2xlfGRlZmF1bHRfc2l6ZXxzY2FsZV9tb2JpbGUifX0=\u00bb][\/vc_column][\/vc_row][vc_row unlock_row_content=\u00bbyes\u00bb row_height_percent=\u00bb100&#8243; override_padding=\u00bbyes\u00bb h_padding=\u00bb0&#8243; top_padding=\u00bb0&#8243; bottom_padding=\u00bb0&#8243; overlay_alpha=\u00bb50&#8243; gutter_size=\u00bb3&#8243; column_width_percent=\u00bb100&#8243; shift_y=\u00bb0&#8243; z_index=\u00bb0&#8243;][vc_column column_width_percent=\u00bb100&#8243; align_horizontal=\u00bbalign_center\u00bb gutter_size=\u00bb3&#8243; style=\u00bbdark\u00bb font_family=\u00bbfont-339240&#8243; overlay_alpha=\u00bb50&#8243; shift_x=\u00bb0&#8243; shift_y=\u00bb0&#8243; shift_y_down=\u00bb0&#8243; z_index=\u00bb0&#8243; medium_width=\u00bb0&#8243; mobile_width=\u00bb0&#8243; width=\u00bb1\/1&#8243; uncode_shortcode_id=\u00bb419329&#8243;][uncode_index el_id=\u00bbindex-118106&#8243; loop=\u00bbsize:1|order_by:date|post_type:post|taxonomy_count:10&#8243; style_preset=\u00bbmetro\u00bb single_height_viewport=\u00bbyes\u00bb screen_lg=\u00bb100&#8243; screen_md=\u00bb100&#8243; screen_sm=\u00bb100&#8243; gutter_size=\u00bb0&#8243; post_items=\u00bbmedia|featured|onpost|original,title,spacer|one,link|circle|default_size|scale_mobile|Visita el sitio\u00bb portfolio_items=\u00bbmedia|featured|onpost|original,category,title,sep-one|full,text|excerpt|120&#8243; single_text=\u00bboverlay\u00bb single_width=\u00bb12&#8243; single_fluid_height=\u00bb100&#8243; single_overlay_color=\u00bbcolor-nhtu\u00bb single_overlay_opacity=\u00bb50&#8243; single_overlay_visible=\u00bbyes\u00bb single_overlay_anim=\u00bbno\u00bb single_text_visible=\u00bbyes\u00bb single_text_anim=\u00bbno\u00bb single_image_anim=\u00bbno\u00bb single_h_align=\u00bbcenter\u00bb single_reduced=\u00bblimit-width\u00bb single_padding=\u00bb3&#8243; single_title_dimension=\u00bbfontsize-338686&#8243; single_text_lead=\u00bbyes\u00bb single_border=\u00bbyes\u00bb no_double_tap=\u00bbyes\u00bb el_class=\u00bbadd-kburns\u00bb uncode_shortcode_id=\u00bb214679&#8243; items=\u00bbeyIxMTc3NTdfaSI6eyJzaW5nbGVfbGF5b3V0X3Bvc3RfaXRlbXMiOiJtZWRpYXxmZWF0dXJlZHxvbnBvc3R8b3JpZ2luYWwsdGl0bGUsc3BhY2VyfG9uZSxsaW5rfGNpcmNsZXxkZWZhdWx0X3NpemUsbWVkaWF8ZmVhdHVyZWR8b25wb3N0fG9yaWdpbmFsLHRpdGxlLHNwYWNlcnxvbmUsbGlua3xjaXJjbGV8ZGVmYXVsdF9zaXplIiwicmVhZF9tb3JlX3RleHQiOiJUYWtlIHRoZSB0ZXN0In0sIjExODg5NV9pIjp7InJlYWRfbW9yZV90ZXh0IjoiVmVyIG3hcyIsInNpbmdsZV9sYXlvdXRfcG9zdF9pdGVtcyI6Im1lZGlhfGZlYXR1cmVkfG9ucG9zdHxvcmlnaW5hbCx0aXRsZSxzcGFjZXJ8b25lLGxpbmt8Y2lyY2xlfGRlZmF1bHRfc2l6ZXxzY2FsZV9tb2JpbGV8VmVyIG3hcyJ9fQ==\u00bb][\/vc_column][\/vc_row]<\/p>\n<\/div>","protected":false},"excerpt":{"rendered":"<p>[vc_row unlock_row_content=\u00bbyes\u00bb row_height_percent=\u00bb0&#8243; override_padding=\u00bbyes\u00bb h_padding=\u00bb0&#8243; top_padding=\u00bb5&#8243; bottom_padding=\u00bb5&#8243; back_color=\u00bbcolor-lxmt\u00bb overlay_alpha=\u00bb50&#8243; equal_height=\u00bbyes\u00bb gutter_size=\u00bb4&#8243; column_width_percent=\u00bb100&#8243; shift_y=\u00bb0&#8243; z_index=\u00bb0&#8243; inverted_device_order=\u00bbyes\u00bb uncode_shortcode_id=\u00bb193771&#8243; back_color_type=\u00bbuncode-palette\u00bb][vc_column column_width_use_pixel=\u00bbyes\u00bb position_horizontal=\u00bbright\u00bb position_vertical=\u00bbmiddle\u00bb [&hellip;]<\/p>\n","protected":false},"author":2,"featured_media":0,"parent":0,"menu_order":0,"comment_status":"closed","ping_status":"closed","template":"","meta":{"footnotes":""},"class_list":["post-118871","page","type-page","status-publish","hentry"],"_links":{"self":[{"href":"https:\/\/learn.playinteractive.mx\/es\/wp-json\/wp\/v2\/pages\/118871","targetHints":{"allow":["GET"]}}],"collection":[{"href":"https:\/\/learn.playinteractive.mx\/es\/wp-json\/wp\/v2\/pages"}],"about":[{"href":"https:\/\/learn.playinteractive.mx\/es\/wp-json\/wp\/v2\/types\/page"}],"author":[{"embeddable":true,"href":"https:\/\/learn.playinteractive.mx\/es\/wp-json\/wp\/v2\/users\/2"}],"replies":[{"embeddable":true,"href":"https:\/\/learn.playinteractive.mx\/es\/wp-json\/wp\/v2\/comments?post=118871"}],"version-history":[{"count":0,"href":"https:\/\/learn.playinteractive.mx\/es\/wp-json\/wp\/v2\/pages\/118871\/revisions"}],"wp:attachment":[{"href":"https:\/\/learn.playinteractive.mx\/es\/wp-json\/wp\/v2\/media?parent=118871"}],"curies":[{"name":"wp","href":"https:\/\/api.w.org\/{rel}","templated":true}]}}